{"id":7039,"date":"2015-06-17T09:46:59","date_gmt":"2015-06-17T09:46:59","guid":{"rendered":"http:\/\/localhost\/wordpress\/eventiz\/?page_id=7039"},"modified":"2020-01-27T13:05:20","modified_gmt":"2020-01-27T16:05:20","slug":"home-1","status":"publish","type":"page","link":"https:\/\/www.essarp-conference.org.ar\/2016\/es\/","title":{"rendered":"Inicio"},"content":{"rendered":"<div class=\"wpb-content-wrapper\">[vc_row full_width=&#8221;stretch_row_content_no_spaces&#8221; isfullwidth=&#8221;0&#8243; el_class=&#8221;space-margin-0&#8243;][vc_column][rev_slider_vc alias=&#8221;conference-2016-uniforme&#8221;][\/vc_column][\/vc_row][vc_row][vc_column][pbr_block_heading title=&#8221;El aprendizaje como camino&#8221; descript=&#8221;Whether you are looking for a high-level feature overview or seeking a more detailed discussion, the 2015 Conference Agenda offers something valuable for everyone. The agenda includes more Hands-on and Ask the Expert personalized sessions, as well as a large variety of educational sessions for all of the Logos solutions. Additionally, there will be a series of labs allowing you to explore new software and enhancements and learn how to get more out of the programs you use today.&#8221; icon=&#8221;&#8221;]El aprendizaje puede ser un camino extraordinario que nos lleve toda una vida para completar. Se trata de desarrollar un mejor entendimiento acerca de qui\u00e9nes somos y de nuestro compromiso con otros individuos.<\/p>\n<p>Quiz\u00e1 puede implicar el abandono de nuestras creencias y la adopci\u00f3n de nuevas ideas que nos colocan en una zona de incomodidad. Aprender puede abarcar la transici\u00f3n desde un lugar de entrega y resignaci\u00f3n a otro de esperanza y descubrimiento. Todo nuestro ser se encuentra comprometido con\u00a0un continuo desenredo de creencias arraigadas, rutinas fosilizadas y viejos paradigmas.<\/p>\n<p>Este congreso est\u00e1 dise\u00f1ado para inspirar a los asistentes a repensar sus creencias en el \u00e1rea de la educaci\u00f3n y para reavivar las elecciones vocacionales transform\u00e1ndolos as\u00ed en catalizadores de cambio.[\/pbr_block_heading][\/vc_column][\/vc_row][vc_row css=&#8221;.vc_custom_1453445113311{padding-bottom: 75px !important;}&#8221;][vc_column][pbr_coming_soon title=&#8221;El evento comienza en:&#8221; style=&#8221;countdown-v2&#8243; date_comingsoon=&#8221;2016-09-030900&#8243;][\/vc_column][\/vc_row][vc_row css=&#8221;.vc_custom_1453445608153{padding-top: 50px !important;padding-bottom: 20px !important;}&#8221;][vc_column][pbr_block_heading title=&#8221;DISERTANTES&#8221;][\/pbr_block_heading][pbr_speakers_grid columns=&#8221;5&#8243;][\/vc_column][\/vc_row][vc_row bgstyle=&#8221;bg-style-v2&#8243; css=&#8221;.vc_custom_1453445673251{padding-top: 50px !important;padding-bottom: 40px !important;}&#8221;][vc_column][pbr_block_heading title=&#8221;PROGRAMA&#8221;][\/pbr_block_heading][vc_message icon_fontawesome=&#8221;fa fa-headphones&#8221;]La traducci\u00f3n simult\u00e1nea estar\u00e1 disponible en los salones Girasoles 2 &amp; 3.[\/vc_message][pbr_singleevent_schedule layout_type=&#8221;tabs&#8221;][vc_message icon_fontawesome=&#8221;fa fa-headphones&#8221;]La traducci\u00f3n simult\u00e1nea estar\u00e1 disponible en los salones Girasoles 2 &amp; 3.[\/vc_message][\/vc_column][\/vc_row][vc_row css=&#8221;.vc_custom_1466645727026{padding-top: 40px !important;padding-bottom: 10px !important;}&#8221;][vc_column][pbr_block_heading title=&#8221;Sponsor Principal&#8221;][\/pbr_block_heading][\/vc_column][\/vc_row][vc_row][vc_column][pbr_sponsors image=&#8221;9850&#8243; link=&#8221;www.cie.org.uk&#8221;][\/pbr_sponsors][\/vc_column][\/vc_row][vc_row css=&#8221;.vc_custom_1466613319553{padding-top: 40px !important;padding-bottom: 10px !important;}&#8221;][vc_column][pbr_block_heading title=&#8221;Sponsors Especiales&#8221;][\/pbr_block_heading][\/vc_column][\/vc_row][vc_row][vc_column width=&#8221;1\/4&#8243;][pbr_sponsors image=&#8221;9840&#8243; link=&#8221;www.gl-assessment.co.uk&#8221;][\/pbr_sponsors][\/vc_column][vc_column width=&#8221;1\/4&#8243;][pbr_sponsors image=&#8221;9841&#8243; link=&#8221;www.sbs.com.ar&#8221;][\/pbr_sponsors][\/vc_column][vc_column width=&#8221;1\/4&#8243;][pbr_sponsors image=&#8221;9853&#8243; link=&#8221;www.CurriculumAssociates.com&#8221;][\/pbr_sponsors][\/vc_column][vc_column width=&#8221;1\/4&#8243;][pbr_sponsors image=&#8221;9842&#8243; link=&#8221;www.brainylearning.com.ar&#8221;][\/pbr_sponsors][\/vc_column][\/vc_row][vc_row css=&#8221;.vc_custom_1466645759869{padding-top: 30px !important;}&#8221;][vc_column width=&#8221;1\/4&#8243;][pbr_sponsors image=&#8221;9843&#8243; link=&#8221;www.kel-ediciones.com&#8221;][\/pbr_sponsors][\/vc_column][vc_column width=&#8221;1\/4&#8243;][pbr_sponsors image=&#8221;10377&#8243; link=&#8221;www.oup.com&#8221;][\/pbr_sponsors][\/vc_column][vc_column width=&#8221;1\/4&#8243; css=&#8221;.vc_custom_1466646542143{padding-top: 40px !important;}&#8221;][pbr_sponsors image=&#8221;10205&#8243; link=&#8221;www.cengage.com&#8221;][\/pbr_sponsors][\/vc_column][vc_column width=&#8221;1\/4&#8243; css=&#8221;.vc_custom_1466646550196{padding-top: 20px !important;}&#8221;][pbr_sponsors image=&#8221;10367&#8243; link=&#8221;www.pearson.com&#8221;][\/pbr_sponsors][\/vc_column][\/vc_row][vc_row css=&#8221;.vc_custom_1466769620950{padding-top: 30px !important;}&#8221;][vc_column width=&#8221;1\/12&#8243;][\/vc_column][vc_column width=&#8221;1\/3&#8243;][pbr_sponsors image=&#8221;10276&#8243; link=&#8221;www.cambridgeenglish.org&#8221;][\/pbr_sponsors][\/vc_column][vc_column width=&#8221;1\/4&#8243;][pbr_sponsors image=&#8221;10309&#8243; link=&#8221;http:\/\/www.fase2.tur.ar\/&#8221;][\/pbr_sponsors][\/vc_column][vc_column width=&#8221;1\/4&#8243;][pbr_sponsors image=&#8221;10346&#8243; link=&#8221;www.siluetitas.net&#8221;][\/pbr_sponsors][\/vc_column][vc_column width=&#8221;1\/12&#8243;][\/vc_column][\/vc_row][vc_row css=&#8221;.vc_custom_1466613402825{padding-top: 40px !important;padding-bottom: 10px !important;}&#8221;][vc_column][pbr_block_heading title=&#8221;Organizaciones de Apoyo&#8221;][\/pbr_block_heading][\/vc_column][\/vc_row][vc_row css=&#8221;.vc_custom_1467053877623{padding-bottom: 40px !important;}&#8221;][vc_column width=&#8221;1\/6&#8243;][\/vc_column][vc_column width=&#8221;1\/6&#8243;][pbr_sponsors image=&#8221;9854&#8243; link=&#8221;www.revistacolegio.com&#8221;][\/pbr_sponsors][\/vc_column][vc_column width=&#8221;1\/6&#8243;][pbr_sponsors image=&#8221;9848&#8243; link=&#8221;www.achieveargentina.com&#8221;][\/pbr_sponsors][\/vc_column][vc_column width=&#8221;1\/6&#8243;][pbr_sponsors image=&#8221;10325&#8243; link=&#8221;www.borlenghi.com&#8221;][\/pbr_sponsors][\/vc_column][vc_column width=&#8221;1\/6&#8243;][\/vc_column][\/vc_row][vc_row css=&#8221;.vc_custom_1467053877623{padding-bottom: 40px !important;}&#8221;][vc_column width=&#8221;1\/6&#8243;][\/vc_column][vc_column width=&#8221;1\/6&#8243;][pbr_sponsors image=&#8221;10258&#8243; link=&#8221;http:\/\/www.cois.org\/&#8221;][\/pbr_sponsors][\/vc_column][vc_column width=&#8221;1\/6&#8243;][pbr_sponsors image=&#8221;10291&#8243; link=&#8221;http:\/\/aiele.org\/&#8221;][\/pbr_sponsors][\/vc_column][vc_column width=&#8221;1\/6&#8243;][pbr_sponsors image=&#8221;10359&#8243; link=&#8221;http:\/\/www.hostec-education.com.ar\/&#8221;][\/pbr_sponsors][\/vc_column][vc_column width=&#8221;1\/6&#8243;][\/vc_column][\/vc_row][vc_row][vc_column width=&#8221;1\/6&#8243;][\/vc_column][vc_column width=&#8221;1\/6&#8243;][\/vc_column][vc_column width=&#8221;1\/6&#8243;][pbr_sponsors image=&#8221;10408&#8243;][\/pbr_sponsors][\/vc_column][vc_column width=&#8221;1\/6&#8243;][\/vc_column][vc_column width=&#8221;1\/6&#8243;][\/vc_column][\/vc_row][vc_row css=&#8221;.vc_custom_1453445844403{padding-top: 50px !important;background-image: url(https:\/\/www.essarp-conference.org.ar\/2016\/wp-content\/uploads\/sites\/2\/2015\/06\/bg-pricing.jpg?id=8671) !important;}&#8221; el_class=&#8221;space-0&#8243;][vc_column][pbr_block_heading title=&#8221;Entradas&#8221; subheading=&#8221;Reg\u00edstrese y obtenga su entrada&#8221; color_style=&#8221;light-style&#8221;][\/pbr_block_heading][vc_row_inner][vc_column_inner width=&#8221;1\/2&#8243;][vc_column_text css=&#8221;.vc_custom_1563239248627{padding-top: 20px !important;padding-bottom: 20px !important;padding-left: 75px !important;background-image: url(https:\/\/www.essarp-conference.org.ar\/2016\/wp-content\/uploads\/sites\/2\/2016\/06\/ticket.png?id=10112) !important;}&#8221;]\n<h4>Anticipadas <span class=\"su-label su-label-type-info\">Fecha l\u00edmite 15 de Julio 2016<\/span><\/h4>\n<ul>\n<li>Colegios Miembros y Afiliados\u00a0<strong>$ ARS 2.800<\/strong><\/li>\n<li>Exams Schools\u00a0<strong>$ ARS 3.080<\/strong><\/li>\n<li>Colegios Miembros Internacionales\u00a0<strong>$ USD 420<\/strong><\/li>\n<li>No Afiliados\u00a0<strong>$ ARS 3.390<\/strong><\/li>\n<li>Delegados Internacionales\u00a0<strong>$ USD 500<\/strong><\/li>\n<\/ul>\n<p style=\"text-align: center;\"><div class=\"su-spacer\" style=\"height:5px\"><\/div>\n[\/vc_column_text][\/vc_column_inner][vc_column_inner width=&#8221;1\/2&#8243;][vc_column_text css=&#8221;.vc_custom_1563239231204{padding-top: 20px !important;padding-bottom: 20px !important;padding-left: 75px !important;background-image: url(https:\/\/www.essarp-conference.org.ar\/2016\/wp-content\/uploads\/sites\/2\/2016\/06\/ticket.png?id=10112) !important;}&#8221;]\n<h4>Tarifa Regular <span class=\"su-label su-label-type-success\">Fecha l\u00edmite 31\u00a0de Agosto 2016<\/span><\/h4>\n<ul>\n<li>Colegios Miembros y Afiliados\u00a0<strong>$ ARS 3.360<\/strong><\/li>\n<li>Exams Schools\u00a0<strong>$ ARS 3.700<\/strong><\/li>\n<li>Colegios Miembros Internacionales\u00a0<strong>$ USD 480<\/strong><\/li>\n<li>No Afiliados\u00a0<strong>$ ARS 4.070<\/strong><\/li>\n<li>Delegados Internacionales\u00a0<strong>$ USD 570<\/strong><\/li>\n<\/ul>\n<p style=\"text-align: center;\"><div class=\"su-spacer\" style=\"height:5px\"><\/div>\n[\/vc_column_text][\/vc_column_inner][\/vc_row_inner][\/vc_column][\/vc_row][vc_row css=&#8221;.vc_custom_1453445870659{padding-top: 60px !important;padding-bottom: 80px !important;}&#8221;][vc_column][vc_row_inner][vc_column_inner][pbr_block_heading title=&#8221;Ubicaci\u00f3n&#8221; subheading=&#8221;Informaci\u00f3n del Hotel&#8221;][\/pbr_block_heading][\/vc_column_inner][\/vc_row_inner][vc_row_inner][vc_column_inner][pbr_googlemap lat_lng=&#8221;-34.44398693702295,-58.86469976218268&#8243; height=&#8221;450&#8243; zoom=&#8221;15&#8243; main_title=&#8221;Sheraton Pilar Hotel &amp; Convention Center&#8221; main_content=&#8221;Panamericana KM 49.5, Pilar, Buenos Aires, Argentina&#8221; main_photo=&#8221;9006&#8243;]\n<div class=\"text-center\">\n<div class=\"title fw700 text-black space-20\"><b>Sheraton Pilar Hotel &amp; Convention Center<\/b><\/div>\n<div class=\"title fw700 text-black space-20\"><\/div>\n<div class=\"title fw700 text-black space-20\">Panamericana KM 49.5, <span class=\"locality\">Pilar<\/span>, Buenos Aires, Argentina<\/div>\n<p>Tel. <span class=\"tel\">(54)(230) 4385000<\/span><\/p>\n<p><a href=\"http:\/\/www.starwoodhotels.com\/sheraton\/property\/overview\/index.html?propertyID=1286\" target=\"_blank\" rel=\"noopener noreferrer\">www.starwoodhotels.com<\/a><\/p>\n<\/div>\n[\/pbr_googlemap][\/vc_column_inner][\/vc_row_inner][vc_message]<em>En caso de consultas y\/o reservas, favor contactar a Helen Kraft: <a href=\"mailto:helen.kraft@gmail.com\">helen.kraft@gmail.com<\/a><\/em>[\/vc_message][\/vc_column][\/vc_row]\n<\/div>","protected":false},"excerpt":{"rendered":"<p>[vc_row full_width=&#8221;stretch_row_content_no_spaces&#8221; isfullwidth=&#8221;0&#8243; el_class=&#8221;space-margin-0&#8243;][vc_column][rev_slider_vc alias=&#8221;conference-2016-uniforme&#8221;][\/vc_column][\/vc_row][vc_row][vc_column][pbr_block_heading title=&#8221;El aprendizaje como camino&#8221; descript=&#8221;Whether you are looking for a high-level feature overview or seeking a more detailed discussion, the 2015 Conference Agenda offers something valuable for everyone. The agenda includes more Hands-on and Ask the Expert personalized sessions, as well as a large variety of educational sessions for all &hellip; <a href=\"https:\/\/www.essarp-conference.org.ar\/2016\/es\/\" class=\"more-link\">Continue reading <span class=\"meta-nav\">&rarr;<\/span><span class=\"screen-reader-text\">Inicio<\/span> <\/a><\/p>\n","protected":false},"author":1,"featured_media":0,"parent":0,"menu_order":3,"comment_status":"closed","ping_status":"closed","template":"page-templates\/full-width.php","meta":{"_monsterinsights_skip_tracking":false,"_monsterinsights_sitenote_active":false,"_monsterinsights_sitenote_note":"","_monsterinsights_sitenote_category":0,"footnotes":""},"class_list":["post-7039","page","type-page","status-publish","hentry"],"_links":{"self":[{"href":"https:\/\/www.essarp-conference.org.ar\/2016\/es\/wp-json\/wp\/v2\/pages\/7039","targetHints":{"allow":["GET"]}}],"collection":[{"href":"https:\/\/www.essarp-conference.org.ar\/2016\/es\/wp-json\/wp\/v2\/pages"}],"about":[{"href":"https:\/\/www.essarp-conference.org.ar\/2016\/es\/wp-json\/wp\/v2\/types\/page"}],"author":[{"embeddable":true,"href":"https:\/\/www.essarp-conference.org.ar\/2016\/es\/wp-json\/wp\/v2\/users\/1"}],"replies":[{"embeddable":true,"href":"https:\/\/www.essarp-conference.org.ar\/2016\/es\/wp-json\/wp\/v2\/comments?post=7039"}],"version-history":[{"count":212,"href":"https:\/\/www.essarp-conference.org.ar\/2016\/es\/wp-json\/wp\/v2\/pages\/7039\/revisions"}],"predecessor-version":[{"id":10486,"href":"https:\/\/www.essarp-conference.org.ar\/2016\/es\/wp-json\/wp\/v2\/pages\/7039\/revisions\/10486"}],"wp:attachment":[{"href":"https:\/\/www.essarp-conference.org.ar\/2016\/es\/wp-json\/wp\/v2\/media?parent=7039"}],"curies":[{"name":"wp","href":"https:\/\/api.w.org\/{rel}","templated":true}]}}