{"id":9395,"date":"2016-05-23T17:09:18","date_gmt":"2016-05-23T20:09:18","guid":{"rendered":"http:\/\/www.essarp-conference.org.ar\/2016\/?page_id=9395"},"modified":"2016-06-22T08:58:57","modified_gmt":"2016-06-22T11:58:57","slug":"conference-theme","status":"publish","type":"page","link":"https:\/\/www.essarp-conference.org.ar\/2016\/es\/conference-theme\/","title":{"rendered":"Tema del Congreso"},"content":{"rendered":"<div class=\"wpb-content-wrapper\">[vc_row css=&#8221;.vc_custom_1453445530251{padding-top: 50px !important;padding-bottom: 80px !important;background-color: #f9f9f9 !important;}&#8221;][vc_column][pbr_block_heading title=&#8221;El aprendizaje como camino&#8221;]El aprendizaje puede ser un camino extraordinario que nos lleve toda una vida para completar. Se trata de desarrollar un mejor entendimiento acerca de qui\u00e9nes somos y de nuestro compromiso con otros individuos.<\/p>\n<p>Quiz\u00e1 puede implicar el abandono de nuestras creencias y la adopci\u00f3n de nuevas ideas que nos colocan en una zona de incomodidad. Aprender puede abarcar la transici\u00f3n desde un lugar de entrega y resignaci\u00f3n a otro de esperanza y descubrimiento. Todo nuestro ser se encuentra comprometido con\u00a0un continuo desenredo de creencias arraigadas, rutinas fosilizadas y viejos paradigmas.<\/p>\n<p>Este congreso est\u00e1 dise\u00f1ado para inspirar a los asistentes a repensar sus creencias en el \u00e1rea de la educaci\u00f3n y para reavivar las elecciones vocacionales transform\u00e1ndolos as\u00ed en catalizadores de cambio.[\/pbr_block_heading][\/vc_column][\/vc_row]\n<\/div>","protected":false},"excerpt":{"rendered":"<p>[vc_row css=&#8221;.vc_custom_1453445530251{padding-top: 50px !important;padding-bottom: 80px !important;background-color: #f9f9f9 !important;}&#8221;][vc_column][pbr_block_heading title=&#8221;El aprendizaje como camino&#8221;]El aprendizaje puede ser un camino extraordinario que nos lleve toda una vida para completar. Se trata de desarrollar un mejor entendimiento acerca de qui\u00e9nes somos y de nuestro compromiso con otros individuos. Quiz\u00e1 puede implicar el abandono de nuestras creencias y la adopci\u00f3n &hellip; <a href=\"https:\/\/www.essarp-conference.org.ar\/2016\/es\/conference-theme\/\" class=\"more-link\">Continue reading <span class=\"meta-nav\">&rarr;<\/span><span class=\"screen-reader-text\">Tema del Congreso<\/span> <\/a><\/p>\n","protected":false},"author":1,"featured_media":0,"parent":0,"menu_order":1,"comment_status":"closed","ping_status":"closed","template":"","meta":{"_monsterinsights_skip_tracking":false,"_monsterinsights_sitenote_active":false,"_monsterinsights_sitenote_note":"","_monsterinsights_sitenote_category":0,"footnotes":""},"class_list":["post-9395","page","type-page","status-publish","hentry"],"_links":{"self":[{"href":"https:\/\/www.essarp-conference.org.ar\/2016\/es\/wp-json\/wp\/v2\/pages\/9395","targetHints":{"allow":["GET"]}}],"collection":[{"href":"https:\/\/www.essarp-conference.org.ar\/2016\/es\/wp-json\/wp\/v2\/pages"}],"about":[{"href":"https:\/\/www.essarp-conference.org.ar\/2016\/es\/wp-json\/wp\/v2\/types\/page"}],"author":[{"embeddable":true,"href":"https:\/\/www.essarp-conference.org.ar\/2016\/es\/wp-json\/wp\/v2\/users\/1"}],"replies":[{"embeddable":true,"href":"https:\/\/www.essarp-conference.org.ar\/2016\/es\/wp-json\/wp\/v2\/comments?post=9395"}],"version-history":[{"count":25,"href":"https:\/\/www.essarp-conference.org.ar\/2016\/es\/wp-json\/wp\/v2\/pages\/9395\/revisions"}],"predecessor-version":[{"id":10201,"href":"https:\/\/www.essarp-conference.org.ar\/2016\/es\/wp-json\/wp\/v2\/pages\/9395\/revisions\/10201"}],"wp:attachment":[{"href":"https:\/\/www.essarp-conference.org.ar\/2016\/es\/wp-json\/wp\/v2\/media?parent=9395"}],"curies":[{"name":"wp","href":"https:\/\/api.w.org\/{rel}","templated":true}]}}