{"id":9395,"date":"2016-05-23T17:09:18","date_gmt":"2016-05-23T20:09:18","guid":{"rendered":"http:\/\/www.essarp-conference.org.ar\/2017a\/?page_id=9395"},"modified":"2017-06-15T12:04:49","modified_gmt":"2017-06-15T15:04:49","slug":"conference-theme","status":"publish","type":"page","link":"https:\/\/www.essarp-conference.org.ar\/2017\/es\/conference-theme\/","title":{"rendered":"Tema del Congreso"},"content":{"rendered":"<div class=\"wpb-content-wrapper\">[vc_row css=&#8221;.vc_custom_1453445530251{padding-top: 50px !important;padding-bottom: 80px !important;background-color: #f9f9f9 !important;}&#8221;][vc_column][pbr_block_heading title=&#8221;Aprender con mente y alma&#8221;]\n<p class=\"p1\"><span class=\"s3\"><span style=\"font-size: 17.0pt\">El aprendizaje es una caracter\u00edstica distintiva del ser humano que comienza su desarrollo durante los primeros a\u00f1os de vida. Algunos lo hacen rodeados por el amor y la protecci\u00f3n de sus familiares y otros en contextos menos privilegiados.<\/span><\/span><\/p>\n<p class=\"p1\"><span class=\"s3\"><span style=\"font-size: 17.0pt\">Es en el instante que comenzamos nuestra escolaridad que nos encontramos frente a una nueva realidad que involucra aprender acerca del mundo que nos rodea,<\/span><\/span><span class=\"apple-converted-space\"><span style=\"font-size: 17.0pt;font-family: '.SFUIText',serif\">\u00a0 <\/span><\/span><span class=\"s3\"><span style=\"font-size: 17.0pt\">fuera de nuestros hogares y al lado de otros.<\/span><\/span><\/p>\n<p class=\"p1\"><span class=\"s3\"><span style=\"font-size: 17.0pt\">Frente a este nuevo escenario se plantea la pregunta: \u00bfc\u00f3mo pueden docentes y directivos asegurarnos que el tiempo que sus alumnos transcurren en sus escuelas desaf\u00eda su pensamiento, promueve su creatividad y desarrolla un ser compasivo?<\/span><\/span><\/p>\n<p class=\"p1\"><span class=\"s3\"><span style=\"font-size: 17.0pt\">Es el deseo de este congreso poder desplegar diferentes aspectos del aprendizaje para el buen desarrollo de la mente y el alma de nuestros alumnos.<\/span><\/span><\/p>\n[\/pbr_block_heading][\/vc_column][\/vc_row]\n<\/div>","protected":false},"excerpt":{"rendered":"<p>[vc_row css=&#8221;.vc_custom_1453445530251{padding-top: 50px !important;padding-bottom: 80px !important;background-color: #f9f9f9 !important;}&#8221;][vc_column][pbr_block_heading title=&#8221;Aprender con mente y alma&#8221;] El aprendizaje es una caracter\u00edstica distintiva del ser humano que comienza su desarrollo durante los primeros a\u00f1os de vida. Algunos lo hacen rodeados por el amor y la protecci\u00f3n de sus familiares y otros en contextos menos privilegiados. Es en el instante &hellip; <a href=\"https:\/\/www.essarp-conference.org.ar\/2017\/es\/conference-theme\/\" class=\"more-link\">Continue reading <span class=\"meta-nav\">&rarr;<\/span><span class=\"screen-reader-text\">Tema del Congreso<\/span> <\/a><\/p>\n","protected":false},"author":1,"featured_media":0,"parent":0,"menu_order":1,"comment_status":"closed","ping_status":"closed","template":"","meta":{"_monsterinsights_skip_tracking":false,"_monsterinsights_sitenote_active":false,"_monsterinsights_sitenote_note":"","_monsterinsights_sitenote_category":0,"footnotes":""},"class_list":["post-9395","page","type-page","status-publish","hentry"],"_links":{"self":[{"href":"https:\/\/www.essarp-conference.org.ar\/2017\/es\/wp-json\/wp\/v2\/pages\/9395","targetHints":{"allow":["GET"]}}],"collection":[{"href":"https:\/\/www.essarp-conference.org.ar\/2017\/es\/wp-json\/wp\/v2\/pages"}],"about":[{"href":"https:\/\/www.essarp-conference.org.ar\/2017\/es\/wp-json\/wp\/v2\/types\/page"}],"author":[{"embeddable":true,"href":"https:\/\/www.essarp-conference.org.ar\/2017\/es\/wp-json\/wp\/v2\/users\/1"}],"replies":[{"embeddable":true,"href":"https:\/\/www.essarp-conference.org.ar\/2017\/es\/wp-json\/wp\/v2\/comments?post=9395"}],"version-history":[{"count":28,"href":"https:\/\/www.essarp-conference.org.ar\/2017\/es\/wp-json\/wp\/v2\/pages\/9395\/revisions"}],"predecessor-version":[{"id":10592,"href":"https:\/\/www.essarp-conference.org.ar\/2017\/es\/wp-json\/wp\/v2\/pages\/9395\/revisions\/10592"}],"wp:attachment":[{"href":"https:\/\/www.essarp-conference.org.ar\/2017\/es\/wp-json\/wp\/v2\/media?parent=9395"}],"curies":[{"name":"wp","href":"https:\/\/api.w.org\/{rel}","templated":true}]}}