{"id":9395,"date":"2016-05-23T17:09:18","date_gmt":"2016-05-23T20:09:18","guid":{"rendered":"http:\/\/www.essarp-conference.org.ar\/2018aa\/?page_id=9395"},"modified":"2018-08-04T13:30:59","modified_gmt":"2018-08-04T16:30:59","slug":"conference-theme","status":"publish","type":"page","link":"https:\/\/www.essarp-conference.org.ar\/2018\/es\/conference-theme\/","title":{"rendered":"Dise\u00f1ar para Aprender"},"content":{"rendered":"Cada uno de nosotros posee un conjunto de creencias y teor\u00edas acerca del mundo para encontrar su significado. Este marco ejerce su influencia y dise\u00f1a las decisiones y acciones que tomamos diariamente, afectando nuestro entorno y el \u00e1mbito escolar donde nos desempe\u00f1amos.<\/p>\n<p>Este congreso explorar\u00e1 la influencia que tiene el dise\u00f1o en el aprendizaje analizando la manera que percibimos la curr\u00edcula,\u00a0las estrategias de ense\u00f1anza que promovemos, los entornos f\u00edsicos que creamos y la b\u00fasqueda del bienestar de nuestros alumnos.<\/p>\n<p>&nbsp;<\/p>\n<p>&nbsp;","protected":false},"excerpt":{"rendered":"<p>Cada uno de nosotros posee un conjunto de creencias y teor\u00edas acerca del mundo para encontrar su significado. Este marco ejerce su influencia y dise\u00f1a las decisiones y acciones que tomamos diariamente, afectando nuestro entorno y el \u00e1mbito escolar donde nos desempe\u00f1amos. Este congreso explorar\u00e1 la influencia que tiene el dise\u00f1o en el aprendizaje analizando &hellip; <a href=\"https:\/\/www.essarp-conference.org.ar\/2018\/es\/conference-theme\/\" class=\"more-link\">Continue reading <span class=\"meta-nav\">&rarr;<\/span><span class=\"screen-reader-text\">Dise\u00f1ar para Aprender<\/span> <\/a><\/p>\n","protected":false},"author":1,"featured_media":0,"parent":0,"menu_order":2,"comment_status":"closed","ping_status":"closed","template":"","meta":{"_monsterinsights_skip_tracking":false,"_monsterinsights_sitenote_active":false,"_monsterinsights_sitenote_note":"","_monsterinsights_sitenote_category":0,"footnotes":""},"class_list":["post-9395","page","type-page","status-publish","hentry"],"_links":{"self":[{"href":"https:\/\/www.essarp-conference.org.ar\/2018\/es\/wp-json\/wp\/v2\/pages\/9395","targetHints":{"allow":["GET"]}}],"collection":[{"href":"https:\/\/www.essarp-conference.org.ar\/2018\/es\/wp-json\/wp\/v2\/pages"}],"about":[{"href":"https:\/\/www.essarp-conference.org.ar\/2018\/es\/wp-json\/wp\/v2\/types\/page"}],"author":[{"embeddable":true,"href":"https:\/\/www.essarp-conference.org.ar\/2018\/es\/wp-json\/wp\/v2\/users\/1"}],"replies":[{"embeddable":true,"href":"https:\/\/www.essarp-conference.org.ar\/2018\/es\/wp-json\/wp\/v2\/comments?post=9395"}],"version-history":[{"count":49,"href":"https:\/\/www.essarp-conference.org.ar\/2018\/es\/wp-json\/wp\/v2\/pages\/9395\/revisions"}],"predecessor-version":[{"id":10930,"href":"https:\/\/www.essarp-conference.org.ar\/2018\/es\/wp-json\/wp\/v2\/pages\/9395\/revisions\/10930"}],"wp:attachment":[{"href":"https:\/\/www.essarp-conference.org.ar\/2018\/es\/wp-json\/wp\/v2\/media?parent=9395"}],"curies":[{"name":"wp","href":"https:\/\/api.w.org\/{rel}","templated":true}]}}