{"id":9395,"date":"2016-05-23T17:09:18","date_gmt":"2016-05-23T20:09:18","guid":{"rendered":"http:\/\/www.essarp-conference.org.ar\/2019aaa\/?page_id=9395"},"modified":"2019-06-25T14:20:43","modified_gmt":"2019-06-25T17:20:43","slug":"conference-theme","status":"publish","type":"page","link":"https:\/\/www.essarp-conference.org.ar\/2019\/es\/conference-theme\/","title":{"rendered":"ESSARP 2.0: the ACTIVE LEARNING Conference"},"content":{"rendered":"<div class=\"wpb-content-wrapper\"><em>[vc_row][vc_column][vc_column_text]\u201cUna de las ventajas de los congresos es que pueden mostrar en una misma sede algunas de las ideas y tendencias m\u00e1s innovadoras en el campo de la educaci\u00f3n y los participantes generalmente se retiran inspirados y motivados a renovar su pr\u00e1ctica docente. Muy frecuentemente ese entusiasmo, a lo largo de los d\u00edas y semanas, se va desvaneciendo mientras los docentes vuelven a reanudar sus tareas en sus mismos contextos. El congreso ESSARP 2.0 propone acortar esta brecha produciendo un resultado tangible, concreto y aplicable: una serie de determinadas intervenciones educativas, desarrolladas por algunos de los principales autores y pensadores del \u00e1mbito de la educaci\u00f3n junto a los asistentes quienes compartir\u00e1n abiertamente su conocimiento en una experiencia \u00fanica de colaboraci\u00f3n creativa.<\/em><\/p>\n<p><em>Los asistentes podr\u00e1n interactuar de manera continua con los disertantes a trav\u00e9s de sus dispositivos personales, utilizando herramientas tecnol\u00f3gicas de \u00faltima generaci\u00f3n que incluir\u00e1n software de inteligencia artificial. Los disertantes y el p\u00fablico co-crear\u00e1n un n\u00famero de iniciativas de f\u00e1cil aplicaci\u00f3n en los colegios y que realmente generar\u00e1n un sostenido cambio en la pedagog\u00eda y pr\u00e1ctica docente.\u201d<\/em> (Gabriel Rshaid, Presidente del Subcomit\u00e9 del Congreso ESSARP)[\/vc_column_text][\/vc_column][\/vc_row]\n<\/div>","protected":false},"excerpt":{"rendered":"<p>[vc_row][vc_column][vc_column_text]\u201cUna de las ventajas de los congresos es que pueden mostrar en una misma sede algunas de las ideas y tendencias m\u00e1s innovadoras en el campo de la educaci\u00f3n y los participantes generalmente se retiran inspirados y motivados a renovar su pr\u00e1ctica docente. Muy frecuentemente ese entusiasmo, a lo largo de los d\u00edas y semanas, &hellip; <a href=\"https:\/\/www.essarp-conference.org.ar\/2019\/es\/conference-theme\/\" class=\"more-link\">Continue reading <span class=\"meta-nav\">&rarr;<\/span><span class=\"screen-reader-text\">ESSARP 2.0: the ACTIVE LEARNING Conference<\/span> <\/a><\/p>\n","protected":false},"author":1,"featured_media":0,"parent":0,"menu_order":11,"comment_status":"closed","ping_status":"closed","template":"","meta":{"_monsterinsights_skip_tracking":false,"_monsterinsights_sitenote_active":false,"_monsterinsights_sitenote_note":"","_monsterinsights_sitenote_category":0,"footnotes":""},"class_list":["post-9395","page","type-page","status-publish","hentry"],"_links":{"self":[{"href":"https:\/\/www.essarp-conference.org.ar\/2019\/es\/wp-json\/wp\/v2\/pages\/9395","targetHints":{"allow":["GET"]}}],"collection":[{"href":"https:\/\/www.essarp-conference.org.ar\/2019\/es\/wp-json\/wp\/v2\/pages"}],"about":[{"href":"https:\/\/www.essarp-conference.org.ar\/2019\/es\/wp-json\/wp\/v2\/types\/page"}],"author":[{"embeddable":true,"href":"https:\/\/www.essarp-conference.org.ar\/2019\/es\/wp-json\/wp\/v2\/users\/1"}],"replies":[{"embeddable":true,"href":"https:\/\/www.essarp-conference.org.ar\/2019\/es\/wp-json\/wp\/v2\/comments?post=9395"}],"version-history":[{"count":56,"href":"https:\/\/www.essarp-conference.org.ar\/2019\/es\/wp-json\/wp\/v2\/pages\/9395\/revisions"}],"predecessor-version":[{"id":11264,"href":"https:\/\/www.essarp-conference.org.ar\/2019\/es\/wp-json\/wp\/v2\/pages\/9395\/revisions\/11264"}],"wp:attachment":[{"href":"https:\/\/www.essarp-conference.org.ar\/2019\/es\/wp-json\/wp\/v2\/media?parent=9395"}],"curies":[{"name":"wp","href":"https:\/\/api.w.org\/{rel}","templated":true}]}}