{"id":9395,"date":"2016-05-23T17:09:18","date_gmt":"2016-05-23T20:09:18","guid":{"rendered":"http:\/\/www.essarp-conference.org.ar\/2021aaa\/?page_id=9395"},"modified":"2021-09-21T17:09:58","modified_gmt":"2021-09-21T20:09:58","slug":"conference-theme","status":"publish","type":"page","link":"https:\/\/www.essarp-conference.org.ar\/2021\/es\/conference-theme\/","title":{"rendered":"ESSARP 2021: the INSPIRATION Conference"},"content":{"rendered":"<div class=\"wpb-content-wrapper\">[vc_row][vc_column][vc_column_text]<em>[\/vc_column_text][\/vc_column][\/vc_row][vc_row][vc_column][vc_column_text]<\/em><\/p>\n<div class=\"x_x_OutlineElement x_x_Ltr x_x_BCX0 x_x_SCXW134555693\">\n<p class=\"x_x_Paragraph x_x_SCXW134555693 x_x_BCX0\"><span class=\"x_x_TextRun x_x_SCXW134555693 x_x_BCX0\" lang=\"ES-ES\"><span class=\"x_x_NormalTextRun x_x_SCXW134555693 x_x_BCX0\">En nombre de ESSARP me gustar\u00eda darles la bienvenida a todos los participantes, disertantes, invitados y staff a<\/span><span class=\"x_x_NormalTextRun x_x_SCXW134555693 x_x_BCX0\">\u00a0<\/span><span class=\"x_x_NormalTextRun x_x_SCXW134555693 x_x_BCX0\">nuestro<\/span><span class=\"x_x_NormalTextRun x_x_SCXW134555693 x_x_BCX0\">\u00a0<\/span><span class=\"x_x_NormalTextRun x_x_SCXW134555693 x_x_BCX0\">ESSARP 2021<\/span><span class=\"x_x_NormalTextRun x_x_SCXW134555693 x_x_BCX0\">:<\/span><span class=\"x_x_NormalTextRun x_x_SCXW134555693 x_x_BCX0\">\u00a0<\/span><span class=\"x_x_NormalTextRun x_x_SCXW134555693 x_x_BCX0\">e<\/span><span class=\"x_x_NormalTextRun x_x_SCXW134555693 x_x_BCX0\">l Congreso Inspirador<\/span><span class=\"x_x_NormalTextRun x_x_SCXW134555693 x_x_BCX0\">. Este es nuestro primer congreso virtual y esperamos que a trav\u00e9s de este nuevo formato podamos llegar a muchas m\u00e1s personas.<\/span><\/span><span class=\"x_x_EOP x_x_SCXW134555693 x_x_BCX0\">\u00a0<\/span><\/p>\n<\/div>\n<div class=\"x_x_OutlineElement x_x_Ltr x_x_BCX0 x_x_SCXW134555693\">\n<p class=\"x_x_Paragraph x_x_SCXW134555693 x_x_BCX0\"><span class=\"x_x_TextRun x_x_SCXW134555693 x_x_BCX0\" lang=\"ES-ES\"><span class=\"x_x_NormalTextRun x_x_SCXW134555693 x_x_BCX0\">Queremos que este sea EL congreso<\/span><span class=\"x_x_NormalTextRun x_x_SCXW134555693 x_x_BCX0\">\u00a0<\/span><span class=\"x_x_NormalTextRun x_x_SCXW134555693 x_x_BCX0\">inspirador por<\/span><span class=\"x_x_NormalTextRun x_x_SCXW134555693 x_x_BCX0\">\u00a0<\/span><span class=\"x_x_NormalTextRun x_x_SCXW134555693 x_x_BCX0\">much\u00edsimos<\/span><span class=\"x_x_NormalTextRun x_x_SCXW134555693 x_x_BCX0\">\u00a0<\/span><span class=\"x_x_NormalTextRun x_x_SCXW134555693 x_x_BCX0\">motivos que se<\/span><span class=\"x_x_NormalTextRun x_x_SCXW134555693 x_x_BCX0\">\u00a0<\/span><span class=\"x_x_NormalTextRun x_x_SCXW134555693 x_x_BCX0\">pueden<\/span><span class=\"x_x_NormalTextRun x_x_SCXW134555693 x_x_BCX0\">\u00a0<\/span><span class=\"x_x_NormalTextRun x_x_SCXW134555693 x_x_BCX0\">imagina<\/span><span class=\"x_x_NormalTextRun x_x_SCXW134555693 x_x_BCX0\">r<\/span><span class=\"x_x_NormalTextRun x_x_SCXW134555693 x_x_BCX0\">\u00a0<\/span><span class=\"x_x_NormalTextRun x_x_SCXW134555693 x_x_BCX0\">y porque nos inspiramos al organizarlo. Ojal\u00e1 los<\/span><span class=\"x_x_NormalTextRun x_x_SCXW134555693 x_x_BCX0\">\u00a0<\/span><span class=\"x_x_NormalTextRun x_x_SCXW134555693 x_x_BCX0\">motivemos a todos en<\/span><span class=\"x_x_NormalTextRun x_x_SCXW134555693 x_x_BCX0\">\u00a0<\/span><span class=\"x_x_NormalTextRun x_x_SCXW134555693 x_x_BCX0\">sus roles como educadores y se sientan libres de innovar, cambiar, crecer, crear y de inspirar a otros a hacer lo mismo.<\/span><\/span><span class=\"x_x_EOP x_x_SCXW134555693 x_x_BCX0\">\u00a0<\/span><\/p>\n<\/div>\n<div class=\"x_x_OutlineElement x_x_Ltr x_x_BCX0 x_x_SCXW134555693\">\n<p class=\"x_x_Paragraph x_x_SCXW134555693 x_x_BCX0\"><span class=\"x_x_TextRun x_x_SCXW134555693 x_x_BCX0\" lang=\"ES-ES\"><span class=\"x_x_NormalTextRun x_x_SCXW134555693 x_x_BCX0\">Este a\u00f1o nos preparamos para otro cambio innovador en el formato, ya que ESSARP se compromete a generar una atm\u00f3sfera<\/span><span class=\"x_x_NormalTextRun x_x_SCXW134555693 x_x_BCX0\">\u00a0<\/span><span class=\"x_x_NormalTextRun x_x_SCXW134555693 x_x_BCX0\">estimulante y creativa incluso a la distancia (hasta en la virtualidad).<\/span><\/span><span class=\"x_x_EOP x_x_SCXW134555693 x_x_BCX0\">\u00a0<\/span><\/p>\n<\/div>\n<div class=\"x_x_OutlineElement x_x_Ltr x_x_BCX0 x_x_SCXW134555693\">\n<p class=\"x_x_Paragraph x_x_SCXW134555693 x_x_BCX0\"><span class=\"x_x_TextRun x_x_SCXW134555693 x_x_BCX0\" lang=\"ES-ES\"><span class=\"x_x_NormalTextRun x_x_SCXW134555693 x_x_BCX0\">Much\u00edsimas gracias a Silvana Tej\u00f3n, a Denise<\/span><span class=\"x_x_NormalTextRun x_x_SCXW134555693 x_x_BCX0\">\u00a0Enright<\/span><span class=\"x_x_NormalTextRun x_x_SCXW134555693 x_x_BCX0\">\u00a0<\/span><span class=\"x_x_NormalTextRun x_x_SCXW134555693 x_x_BCX0\">y a todo el staff de ESSARP que<\/span><span class=\"x_x_NormalTextRun x_x_SCXW134555693 x_x_BCX0\">\u00a0<\/span><span class=\"x_x_NormalTextRun x_x_SCXW134555693 x_x_BCX0\">son<\/span><span class=\"x_x_NormalTextRun x_x_SCXW134555693 x_x_BCX0\">\u00a0<\/span><span class=\"x_x_NormalTextRun x_x_SCXW134555693 x_x_BCX0\">clave para que el congreso<\/span><span class=\"x_x_NormalTextRun x_x_SCXW134555693 x_x_BCX0\">\u00a0<\/span><span class=\"x_x_NormalTextRun x_x_SCXW134555693 x_x_BCX0\">fluya<\/span><span class=\"x_x_NormalTextRun x_x_SCXW134555693 x_x_BCX0\">\u00a0<\/span><span class=\"x_x_NormalTextRun x_x_SCXW134555693 x_x_BCX0\">sin problema<\/span><span class=\"x_x_NormalTextRun x_x_SCXW134555693 x_x_BCX0\">s; a la Sub-Comisi\u00f3n de Conferencias, a los auspiciantes y a todos los<\/span><span class=\"x_x_NormalTextRun x_x_SCXW134555693 x_x_BCX0\">\u00a0<\/span><span class=\"x_x_NormalTextRun x_x_SCXW134555693 x_x_BCX0\">participantes, cada uno un factor importante para el \u00e9xito del evento.<\/span><\/span><span class=\"x_x_EOP x_x_SCXW134555693 x_x_BCX0\">\u00a0<\/span><\/p>\n<\/div>\n<div class=\"x_x_OutlineElement x_x_Ltr x_x_BCX0 x_x_SCXW134555693\">\n<p class=\"x_x_Paragraph x_x_SCXW134555693 x_x_BCX0\"><span class=\"x_x_TextRun x_x_SCXW134555693 x_x_BCX0\" lang=\"ES-ES\"><span class=\"x_x_NormalTextRun x_x_SCXW134555693 x_x_BCX0\">Conf\u00edo en que este primer congreso virtual colmar\u00e1 nuestras expectativas y nos dejar\u00e1 llenos de energ\u00eda, ideas e inspiraci\u00f3n para nuestr<\/span><span class=\"x_x_NormalTextRun x_x_SCXW134555693 x_x_BCX0\">o futuro.<\/span><\/span><span class=\"x_x_EOP x_x_SCXW134555693 x_x_BCX0\">\u00a0<\/span><\/p>\n<\/div>\n<div class=\"x_x_OutlineElement x_x_Ltr x_x_BCX0 x_x_SCXW134555693\">\n<p class=\"x_x_Paragraph x_x_SCXW134555693 x_x_BCX0\"><span class=\"x_x_TextRun x_x_SCXW134555693 x_x_BCX0\" lang=\"ES-ES\"><span class=\"x_x_NormalTextRun x_x_SCXW134555693 x_x_BCX0\">\u00a1Disfruten el aprendizaje!<\/span><\/span><span class=\"x_x_EOP x_x_SCXW134555693 x_x_BCX0\">\u00a0<\/span><\/p>\n<\/div>\n<p><em>Marianne Vibart<\/em><\/p>\n<p>Presidente, Comit\u00e9 Ejecutivo de ESSARP[\/vc_column_text][\/vc_column][\/vc_row]\n<\/div>","protected":false},"excerpt":{"rendered":"<p>[vc_row][vc_column][vc_column_text][\/vc_column_text][\/vc_column][\/vc_row][vc_row][vc_column][vc_column_text] En nombre de ESSARP me gustar\u00eda darles la bienvenida a todos los participantes, disertantes, invitados y staff a\u00a0nuestro\u00a0ESSARP 2021:\u00a0el Congreso Inspirador. Este es nuestro primer congreso virtual y esperamos que a trav\u00e9s de este nuevo formato podamos llegar a muchas m\u00e1s personas.\u00a0 Queremos que este sea EL congreso\u00a0inspirador por\u00a0much\u00edsimos\u00a0motivos que se\u00a0pueden\u00a0imaginar\u00a0y porque nos inspiramos &hellip; <a href=\"https:\/\/www.essarp-conference.org.ar\/2021\/es\/conference-theme\/\" class=\"more-link\">Continue reading <span class=\"meta-nav\">&rarr;<\/span><span class=\"screen-reader-text\">ESSARP 2021: the INSPIRATION Conference<\/span> <\/a><\/p>\n","protected":false},"author":1,"featured_media":0,"parent":0,"menu_order":2,"comment_status":"closed","ping_status":"closed","template":"","meta":{"_monsterinsights_skip_tracking":false,"_monsterinsights_sitenote_active":false,"_monsterinsights_sitenote_note":"","_monsterinsights_sitenote_category":0,"footnotes":""},"class_list":["post-9395","page","type-page","status-publish","hentry"],"_links":{"self":[{"href":"https:\/\/www.essarp-conference.org.ar\/2021\/es\/wp-json\/wp\/v2\/pages\/9395","targetHints":{"allow":["GET"]}}],"collection":[{"href":"https:\/\/www.essarp-conference.org.ar\/2021\/es\/wp-json\/wp\/v2\/pages"}],"about":[{"href":"https:\/\/www.essarp-conference.org.ar\/2021\/es\/wp-json\/wp\/v2\/types\/page"}],"author":[{"embeddable":true,"href":"https:\/\/www.essarp-conference.org.ar\/2021\/es\/wp-json\/wp\/v2\/users\/1"}],"replies":[{"embeddable":true,"href":"https:\/\/www.essarp-conference.org.ar\/2021\/es\/wp-json\/wp\/v2\/comments?post=9395"}],"version-history":[{"count":63,"href":"https:\/\/www.essarp-conference.org.ar\/2021\/es\/wp-json\/wp\/v2\/pages\/9395\/revisions"}],"predecessor-version":[{"id":12001,"href":"https:\/\/www.essarp-conference.org.ar\/2021\/es\/wp-json\/wp\/v2\/pages\/9395\/revisions\/12001"}],"wp:attachment":[{"href":"https:\/\/www.essarp-conference.org.ar\/2021\/es\/wp-json\/wp\/v2\/media?parent=9395"}],"curies":[{"name":"wp","href":"https:\/\/api.w.org\/{rel}","templated":true}]}}