{"id":9395,"date":"2016-05-23T17:09:18","date_gmt":"2016-05-23T20:09:18","guid":{"rendered":"http:\/\/www.essarp-conference.org.ar\/2022aaa\/?page_id=9395"},"modified":"2022-08-01T19:41:22","modified_gmt":"2022-08-01T22:41:22","slug":"conference-theme","status":"publish","type":"page","link":"https:\/\/www.essarp-conference.org.ar\/2022\/es\/conference-theme\/","title":{"rendered":"ESSARP 2022: Volver al futuro"},"content":{"rendered":"<div class=\"wpb-content-wrapper\">[vc_row][vc_column][vc_column_text]<em>[\/vc_column_text][\/vc_column][\/vc_row][vc_row][vc_column][vc_column_text]As\u00ed como los colegios lentamente retornaron a sus edificios para resumir sus actividades despu\u00e9s de la pandemia, el congreso de ESSARP est\u00e1 de vuelta. Es momento de soltar las viejas pr\u00e1cticas y escuchar a renombrados disertantes quienes nos ayudar\u00e1n a transportarnos al futuro del aprendizaje y no a su pasado.<\/em><\/p>\n<p>Los invitamos a transitar un incre\u00edble viaje de auto-conocimiento, creatividad, aprendizaje individualizado e inclusi\u00f3n educativa.<\/p>\n<p>Este a\u00f1o podr\u00e1n participar de dos maneras, nuestra tradicional experiencia presencial en el Pilar Sheraton Hotel o una experiencia virtual unos d\u00edas despu\u00e9s de finalizado el congreso.[\/vc_column_text][\/vc_column][\/vc_row]\n<\/div>","protected":false},"excerpt":{"rendered":"<p>[vc_row][vc_column][vc_column_text][\/vc_column_text][\/vc_column][\/vc_row][vc_row][vc_column][vc_column_text]As\u00ed como los colegios lentamente retornaron a sus edificios para resumir sus actividades despu\u00e9s de la pandemia, el congreso de ESSARP est\u00e1 de vuelta. Es momento de soltar las viejas pr\u00e1cticas y escuchar a renombrados disertantes quienes nos ayudar\u00e1n a transportarnos al futuro del aprendizaje y no a su pasado. Los invitamos a transitar un &hellip; <a href=\"https:\/\/www.essarp-conference.org.ar\/2022\/es\/conference-theme\/\" class=\"more-link\">Continue reading <span class=\"meta-nav\">&rarr;<\/span><span class=\"screen-reader-text\">ESSARP 2022: Volver al futuro<\/span> <\/a><\/p>\n","protected":false},"author":1,"featured_media":0,"parent":0,"menu_order":3,"comment_status":"closed","ping_status":"closed","template":"","meta":{"_monsterinsights_skip_tracking":false,"_monsterinsights_sitenote_active":false,"_monsterinsights_sitenote_note":"","_monsterinsights_sitenote_category":0,"footnotes":""},"class_list":["post-9395","page","type-page","status-publish","hentry"],"_links":{"self":[{"href":"https:\/\/www.essarp-conference.org.ar\/2022\/es\/wp-json\/wp\/v2\/pages\/9395","targetHints":{"allow":["GET"]}}],"collection":[{"href":"https:\/\/www.essarp-conference.org.ar\/2022\/es\/wp-json\/wp\/v2\/pages"}],"about":[{"href":"https:\/\/www.essarp-conference.org.ar\/2022\/es\/wp-json\/wp\/v2\/types\/page"}],"author":[{"embeddable":true,"href":"https:\/\/www.essarp-conference.org.ar\/2022\/es\/wp-json\/wp\/v2\/users\/1"}],"replies":[{"embeddable":true,"href":"https:\/\/www.essarp-conference.org.ar\/2022\/es\/wp-json\/wp\/v2\/comments?post=9395"}],"version-history":[{"count":73,"href":"https:\/\/www.essarp-conference.org.ar\/2022\/es\/wp-json\/wp\/v2\/pages\/9395\/revisions"}],"predecessor-version":[{"id":12309,"href":"https:\/\/www.essarp-conference.org.ar\/2022\/es\/wp-json\/wp\/v2\/pages\/9395\/revisions\/12309"}],"wp:attachment":[{"href":"https:\/\/www.essarp-conference.org.ar\/2022\/es\/wp-json\/wp\/v2\/media?parent=9395"}],"curies":[{"name":"wp","href":"https:\/\/api.w.org\/{rel}","templated":true}]}}