{"id":12918,"date":"2016-05-23T17:09:18","date_gmt":"2016-05-23T20:09:18","guid":{"rendered":"https:\/\/www.essarp-conference.org.ar\/2023\/essarp-2022-volver-al-futuro\/"},"modified":"2023-08-01T16:14:15","modified_gmt":"2023-08-01T19:14:15","slug":"essarp-2022-volver-al-futuro","status":"publish","type":"page","link":"https:\/\/www.essarp-conference.org.ar\/2023\/es\/essarp-2022-volver-al-futuro\/","title":{"rendered":"ESSARP 2023: Re\u00edr para aprender"},"content":{"rendered":"<div class=\"wpb-content-wrapper\">[vc_row][vc_column][vc_column_text]<em>[\/vc_column_text][\/vc_column][\/vc_row][vc_row][vc_column][vc_column_text]Risa y aprendizaje.<\/em><\/p>\n<p>Dos expresiones de la humanidad que no suelen ir juntas.<\/p>\n<p>Esto es un error. Un error que nuestros colegios est\u00e1n en condiciones de abordar.<\/p>\n<p>\u00bfC\u00f3mo?<\/p>\n<p>La risa surge f\u00e1cilmente cuando una persona, ni\u00f1o o adulto, conf\u00eda en s\u00ed misma y en sus compa\u00f1eros. Cuando se tiene una sensaci\u00f3n t\u00e1cita de seguridad, de protecci\u00f3n, de bienestar.<\/p>\n<p>Y con esta sensaci\u00f3n de bienestar llega la apertura a lo nuevo, a lo fascinante y, s\u00ed, a lo complejo.<\/p>\n<p>Y al fin y al cabo, en eso consiste la educaci\u00f3n.<\/p>\n<p>Ser capaz de re\u00edr es estar preparado para aprender.<\/p>\n<p>Este a\u00f1o puedes participar de dos formas diferentes, la tradicional experiencia presencial en el Hotel Sheraton Pilar o una experiencia online unos d\u00edas despu\u00e9s de la conferencia.<\/p>\n[\/vc_column_text][\/vc_column][\/vc_row]\n<\/div>","protected":false},"excerpt":{"rendered":"<p>[vc_row][vc_column][vc_column_text][\/vc_column_text][\/vc_column][\/vc_row][vc_row][vc_column][vc_column_text]Risa y aprendizaje. Dos expresiones de la humanidad que no suelen ir juntas. Esto es un error. Un error que nuestros colegios est\u00e1n en condiciones de abordar. \u00bfC\u00f3mo? La risa surge f\u00e1cilmente cuando una persona, ni\u00f1o o adulto, conf\u00eda en s\u00ed misma y en sus compa\u00f1eros. Cuando se tiene una sensaci\u00f3n t\u00e1cita de seguridad, de &hellip; <a href=\"https:\/\/www.essarp-conference.org.ar\/2023\/es\/essarp-2022-volver-al-futuro\/\" class=\"more-link\">Continue reading <span class=\"meta-nav\">&rarr;<\/span><span class=\"screen-reader-text\">ESSARP 2023: Re\u00edr para aprender<\/span> <\/a><\/p>\n","protected":false},"author":1,"featured_media":0,"parent":0,"menu_order":5,"comment_status":"closed","ping_status":"closed","template":"","meta":{"_monsterinsights_skip_tracking":false,"_monsterinsights_sitenote_active":false,"_monsterinsights_sitenote_note":"","_monsterinsights_sitenote_category":0,"footnotes":""},"class_list":["post-12918","page","type-page","status-publish","hentry"],"_links":{"self":[{"href":"https:\/\/www.essarp-conference.org.ar\/2023\/es\/wp-json\/wp\/v2\/pages\/12918","targetHints":{"allow":["GET"]}}],"collection":[{"href":"https:\/\/www.essarp-conference.org.ar\/2023\/es\/wp-json\/wp\/v2\/pages"}],"about":[{"href":"https:\/\/www.essarp-conference.org.ar\/2023\/es\/wp-json\/wp\/v2\/types\/page"}],"author":[{"embeddable":true,"href":"https:\/\/www.essarp-conference.org.ar\/2023\/es\/wp-json\/wp\/v2\/users\/1"}],"replies":[{"embeddable":true,"href":"https:\/\/www.essarp-conference.org.ar\/2023\/es\/wp-json\/wp\/v2\/comments?post=12918"}],"version-history":[{"count":6,"href":"https:\/\/www.essarp-conference.org.ar\/2023\/es\/wp-json\/wp\/v2\/pages\/12918\/revisions"}],"predecessor-version":[{"id":13170,"href":"https:\/\/www.essarp-conference.org.ar\/2023\/es\/wp-json\/wp\/v2\/pages\/12918\/revisions\/13170"}],"wp:attachment":[{"href":"https:\/\/www.essarp-conference.org.ar\/2023\/es\/wp-json\/wp\/v2\/media?parent=12918"}],"curies":[{"name":"wp","href":"https:\/\/api.w.org\/{rel}","templated":true}]}}