{"id":12910,"date":"2015-06-17T09:46:59","date_gmt":"2015-06-17T12:46:59","guid":{"rendered":"https:\/\/www.essarp-conference.org.ar\/2024\/inicio\/"},"modified":"2024-09-04T14:29:32","modified_gmt":"2024-09-04T17:29:32","slug":"inicio","status":"publish","type":"page","link":"https:\/\/www.essarp-conference.org.ar\/2024\/es\/","title":{"rendered":"Inicio"},"content":{"rendered":"<div class=\"wpb-content-wrapper\">[vc_row full_width=&#8221;stretch_row_content_no_spaces&#8221; isfullwidth=&#8221;0&#8243; el_class=&#8221;space-margin-0&#8243;][vc_column][rev_slider_vc alias=&#8221;slider-2023-sp-1&#8243;][\/vc_column][\/vc_row][vc_row][vc_column][pbr_block_heading title=&#8221;La persona en su totalidad&#8221; descript=&#8221;Whether you are looking for a high-level feature overview or seeking a more detailed discussion, the 2015 Conference Agenda offers something valuable for everyone. The agenda includes more Hands-on and Ask the Expert personalized sessions, as well as a large variety of educational sessions for all of the Logos solutions. Additionally, there will be a series of labs allowing you to explore new software and enhancements and learn how to get more out of the programs you use today.&#8221; icon=&#8221;&#8221;][\/pbr_block_heading][\/vc_column][\/vc_row][vc_row][vc_column][pbr_block_countdown title=&#8221;La Conferencia comienza en&#8221; date_comingsoon=&#8221;02-09-2023 08:15&#8243;][\/vc_column][\/vc_row][vc_row][vc_column width=&#8221;1\/4&#8243;][\/vc_column][vc_column width=&#8221;1\/2&#8243; offset=&#8221;vc_hidden-lg vc_hidden-md vc_hidden-sm vc_hidden-xs&#8221;][vc_btn title=&#8221;<\/p>\n<h4>ACCESO AL CONGRESO VIRTUAL<\/h4>\n<p>&#8221; style=&#8221;gradient&#8221; gradient_color_1=&#8221;blue&#8221; gradient_color_2=&#8221;green&#8221; size=&#8221;lg&#8221; align=&#8221;center&#8221; i_icon_fontawesome=&#8221;fas fa-share-square&#8221; button_block=&#8221;true&#8221; add_icon=&#8221;true&#8221; link=&#8221;url:https%3A%2F%2Feventodigital.ar%2Fessarp-virtual|target:_blank&#8221;][\/vc_column][vc_column width=&#8221;1\/4&#8243;][\/vc_column][\/vc_row][vc_row][vc_column width=&#8221;1\/4&#8243;][\/vc_column][vc_column width=&#8221;1\/2&#8243;][\/vc_column][vc_column width=&#8221;1\/4&#8243;][\/vc_column][\/vc_row][vc_row][vc_column width=&#8221;2\/6&#8243; css=&#8221;.vc_custom_1573306818094{background-color: #d6dce0 !important;}&#8221;][\/vc_column][vc_column width=&#8221;2\/6&#8243;][\/vc_column][\/vc_row][vc_row][vc_column width=&#8221;1\/3&#8243; offset=&#8221;vc_hidden-lg vc_hidden-md vc_hidden-sm vc_hidden-xs&#8221;][vc_single_image image=&#8221;11623&#8243; img_size=&#8221;full&#8221; add_caption=&#8221;yes&#8221; alignment=&#8221;center&#8221; onclick=&#8221;custom_link&#8221; link=&#8221;https:\/\/www.essarp-conference.org.ar\/2024\/video-guy-claxton-developing-strategies-and-actions-for-the-classroom\/&#8221;][\/vc_column][vc_column width=&#8221;1\/3&#8243; offset=&#8221;vc_hidden-lg vc_hidden-md vc_hidden-sm vc_hidden-xs&#8221;][vc_single_image image=&#8221;11625&#8243; img_size=&#8221;full&#8221; add_caption=&#8221;yes&#8221; alignment=&#8221;center&#8221; onclick=&#8221;custom_link&#8221; link=&#8221;https:\/\/www.essarp-conference.org.ar\/2024\/guy-claxton-the-learning-power-approach\/&#8221;][\/vc_column][vc_column width=&#8221;1\/3&#8243; offset=&#8221;vc_hidden-lg vc_hidden-md vc_hidden-sm vc_hidden-xs&#8221;][vc_single_image image=&#8221;11626&#8243; img_size=&#8221;full&#8221; add_caption=&#8221;yes&#8221; alignment=&#8221;center&#8221; onclick=&#8221;custom_link&#8221; link=&#8221;https:\/\/www.essarp-conference.org.ar\/2024\/james-clements\/&#8221;][\/vc_column][\/vc_row][vc_row][vc_column width=&#8221;1\/3&#8243; offset=&#8221;vc_hidden-lg vc_hidden-md vc_hidden-sm vc_hidden-xs&#8221;][vc_single_image image=&#8221;11627&#8243; img_size=&#8221;full&#8221; add_caption=&#8221;yes&#8221; alignment=&#8221;center&#8221; onclick=&#8221;custom_link&#8221; link=&#8221;https:\/\/www.essarp-conference.org.ar\/2024\/judy-willis-developing-strategies-and-actions-for-the-classroom\/&#8221;][\/vc_column][vc_column width=&#8221;1\/3&#8243; offset=&#8221;vc_hidden-lg vc_hidden-md vc_hidden-sm vc_hidden-xs&#8221;][vc_single_image image=&#8221;11628&#8243; img_size=&#8221;full&#8221; add_caption=&#8221;yes&#8221; alignment=&#8221;center&#8221; onclick=&#8221;custom_link&#8221; link=&#8221;https:\/\/www.essarp-conference.org.ar\/2024\/video-will-ord-key-ideas-for-active-learning\/&#8221;][\/vc_column][vc_column width=&#8221;1\/3&#8243; offset=&#8221;vc_hidden-lg vc_hidden-md vc_hidden-sm vc_hidden-xs&#8221;][vc_single_image image=&#8221;11629&#8243; img_size=&#8221;full&#8221; add_caption=&#8221;yes&#8221; alignment=&#8221;center&#8221; onclick=&#8221;custom_link&#8221; link=&#8221;https:\/\/www.essarp-conference.org.ar\/2024\/video-will-ord-great-thinking-for-active-learning\/&#8221;][\/vc_column][\/vc_row][vc_row][vc_column width=&#8221;1\/3&#8243; offset=&#8221;vc_hidden-lg vc_hidden-md vc_hidden-sm vc_hidden-xs&#8221;][vc_single_image image=&#8221;11630&#8243; img_size=&#8221;full&#8221; add_caption=&#8221;yes&#8221; alignment=&#8221;center&#8221; onclick=&#8221;custom_link&#8221; link=&#8221;https:\/\/www.essarp-conference.org.ar\/2024\/video-keynote-panel\/&#8221;][\/vc_column][vc_column width=&#8221;1\/3&#8243; offset=&#8221;vc_hidden-lg vc_hidden-md vc_hidden-sm vc_hidden-xs&#8221;][vc_single_image image=&#8221;11631&#8243; img_size=&#8221;full&#8221; add_caption=&#8221;yes&#8221; alignment=&#8221;center&#8221; onclick=&#8221;custom_link&#8221; link=&#8221;https:\/\/www.essarp-conference.org.ar\/2024\/video-judy-willis-using-active-learning-for-motivated-learning\/&#8221;][\/vc_column][\/vc_row][vc_row][vc_column css=&#8221;.vc_custom_1573731177457{padding-top: 30px !important;}&#8221; offset=&#8221;vc_hidden-lg vc_hidden-md vc_hidden-sm vc_hidden-xs&#8221;][pbr_coming_soon title=&#8221;The Conference begins in&#8221; style=&#8221;countdown-v2&#8243; date_comingsoon=&#8221;2019-09-070815&#8243;][\/vc_column][\/vc_row][vc_row gap=&#8221;10&#8243; css=&#8221;.vc_custom_1466107169209{padding-top: 50px !important;padding-bottom: 20px !important;}&#8221;][vc_column][pbr_block_heading title=&#8221;Disertantes&#8221;][\/pbr_block_heading][pbr_speakers_grid columns=&#8221;3&#8243;][\/vc_column][\/vc_row][vc_row bgstyle=&#8221;bg-style-v2&#8243; css=&#8221;.vc_custom_1528488135310{padding-top: 50px !important;padding-bottom: 40px !important;}&#8221;][vc_column][pbr_block_heading title=&#8221;Programa&#8221;][\/pbr_block_heading][vc_message icon_fontawesome=&#8221;&#8221; css=&#8221;&#8221;]La traducci\u00f3n simult\u00e1nea estar\u00e1 disponible en los salones Girasoles 2 &amp; 3.[\/vc_message][pbr_singleevent_schedule layout_type=&#8221;tabs&#8221;][vc_message icon_fontawesome=&#8221;&#8221; css=&#8221;&#8221;]La traducci\u00f3n simult\u00e1nea estar\u00e1 disponible en los salones Girasoles 2 &amp; 3.[\/vc_message][\/vc_column][\/vc_row][vc_row css=&#8221;.vc_custom_1466645810063{padding-top: 40px !important;padding-bottom: 10px !important;}&#8221;][vc_column][pbr_block_heading title=&#8221;SPONSOR PRINCIPAL&#8221;][\/pbr_block_heading][\/vc_column][\/vc_row][vc_row][vc_column][pbr_sponsors image=&#8221;12329&#8243; link=&#8221;http:\/\/www.cambridgeinternational.org\/&#8221;][\/pbr_sponsors][\/vc_column][\/vc_row][vc_row css=&#8221;.vc_custom_1466645826249{padding-top: 40px !important;padding-bottom: 10px !important;}&#8221;][vc_column][pbr_block_heading title=&#8221;SPONSORS ESPECIALES&#8221;][\/pbr_block_heading][\/vc_column][\/vc_row][vc_row css=&#8221;.vc_custom_1566332791795{padding-bottom: 40px !important;}&#8221;][vc_column width=&#8221;1\/4&#8243;][pbr_sponsors image=&#8221;11950&#8243; link=&#8221;https:\/\/www.kelediciones.com\/&#8221;][\/pbr_sponsors][pbr_sponsors image=&#8221;13396&#8243; link=&#8221;https:\/\/learniaglobal.com\/&#8221;][\/pbr_sponsors][pbr_sponsors image=&#8221;11525&#8243; link=&#8221;http:\/\/www.fase2.tur.ar\/&#8221;][\/pbr_sponsors][pbr_sponsors image=&#8221;13588&#8243; link=&#8221;https:\/\/misladrillos.com\/index.html&#8221;][\/pbr_sponsors][\/vc_column][vc_column width=&#8221;1\/4&#8243;][pbr_sponsors image=&#8221;12358&#8243; link=&#8221;http:\/\/www.mediatel.com.ar\/&#8221;][\/pbr_sponsors][pbr_sponsors image=&#8221;12966&#8243; link=&#8221;https:\/\/global.oup.com\/&#8221;][\/pbr_sponsors][pbr_sponsors image=&#8221;13403&#8243; link=&#8221;https:\/\/argentina.pickapply.com\/home&#8221;][\/pbr_sponsors][pbr_sponsors image=&#8221;12863&#8243; link=&#8221;https:\/\/www.legamaster.com\/co\/home\/&#8221;][\/pbr_sponsors][\/vc_column][vc_column width=&#8221;1\/4&#8243;][pbr_sponsors image=&#8221;13586&#8243; link=&#8221;http:\/\/www.grupotemas.com\/&#8221;][\/pbr_sponsors][pbr_sponsors image=&#8221;12972&#8243; link=&#8221;https:\/\/fidu.com.ar\/&#8221;][\/pbr_sponsors][pbr_sponsors image=&#8221;13424&#8243; link=&#8221;https:\/\/acadeu.com\/&#8221;][\/pbr_sponsors][pbr_sponsors image=&#8221;13580&#8243; link=&#8221;https:\/\/www.troopsviajes.com\/&#8221;][\/pbr_sponsors][\/vc_column][vc_column width=&#8221;1\/4&#8243;][pbr_sponsors image=&#8221;11853&#8243; link=&#8221;https:\/\/www.pcarts.com\/&#8221;][\/pbr_sponsors][pbr_sponsors image=&#8221;13399&#8243; link=&#8221;https:\/\/sesi.com.ar\/&#8221;][\/pbr_sponsors][pbr_sponsors image=&#8221;13499&#8243; link=&#8221;www.pok.tech&#8221;][\/pbr_sponsors][\/vc_column][\/vc_row][vc_row css=&#8221;.vc_custom_1566332791795{padding-bottom: 40px !important;}&#8221;][vc_column width=&#8221;1\/4&#8243;][\/vc_column][vc_column width=&#8221;1\/4&#8243;][\/vc_column][vc_column width=&#8221;1\/4&#8243;][\/vc_column][vc_column width=&#8221;1\/4&#8243;][\/vc_column][\/vc_row][vc_row css=&#8221;.vc_custom_1466645855071{padding-top: 40px !important;padding-bottom: 10px !important;}&#8221;][vc_column][pbr_block_heading title=&#8221;SPONSORS INSTITUCIONALES&#8221;][\/pbr_block_heading][\/vc_column][\/vc_row][vc_row css=&#8221;.vc_custom_1467053827522{padding-bottom: 40px !important;}&#8221;][vc_column width=&#8221;1\/6&#8243;][pbr_sponsors image=&#8221;13154&#8243; link=&#8221;https:\/\/revistacolegio.com\/&#8221;][\/pbr_sponsors][\/vc_column][vc_column width=&#8221;1\/6&#8243;][pbr_sponsors][\/pbr_sponsors][\/vc_column][vc_column width=&#8221;1\/6&#8243;][\/vc_column][vc_column width=&#8221;1\/6&#8243;][\/vc_column][vc_column width=&#8221;1\/6&#8243;][\/vc_column][\/vc_row][vc_row css=&#8221;.vc_custom_1467053827522{padding-bottom: 40px !important;}&#8221;][vc_column width=&#8221;1\/6&#8243;][\/vc_column][\/vc_row][vc_row css=&#8221;.vc_custom_1453445844403{padding-top: 50px !important;background-image: url(https:\/\/www.essarp-conference.org.ar\/2024aaa\/wp-content\/uploads\/sites\/12\/2015\/06\/bg-pricing.jpg?id=8671) !important;}&#8221; el_class=&#8221;space-0&#8243;][vc_column][pbr_block_heading title=&#8221;Tickets&#8221; subheading=&#8221;Reg\u00edstrese y obtenga su entrada&#8221; color_style=&#8221;light-style&#8221;][\/pbr_block_heading][vc_row_inner][vc_column_inner width=&#8221;1\/3&#8243;][vc_column_text css=&#8221;.vc_custom_1722461514185{padding-top: 14px !important;padding-bottom: 14px !important;padding-left: 74px !important;background-image: url(https:\/\/www.essarp-conference.org.ar\/2024aaa\/wp-content\/uploads\/sites\/12\/2016\/06\/ticket.png?id=10112) !important;}&#8221;]\n<h4><strong>Ticket <\/strong><strong>Individual<br \/>\n<\/strong><strong>&#8211; PRESENCIAL<\/strong><\/h4>\n<ul>\n<li>Col. Miembros y Afil. <strong>ARS 205.000<\/strong><\/li>\n<li>Exams Schools\u00a0<strong>ARS 225.000<\/strong><\/li>\n<li>No afiliados <strong>ARS 255.000<\/strong><\/li>\n<li>Colegios Miembros Int. <strong>USD 300<\/strong><\/li>\n<li>Delegados Internacionales <strong>USD 350<\/strong><\/li>\n<\/ul>\n<p style=\"text-align: center\"><a href=\"https:\/\/www.essarp-conference.org.ar\/registration\/es\" class=\"su-button su-button-style-default\" style=\"color:#FFFFFF;background-color:#50B748;border-color:#40933a;border-radius:5px\" target=\"_blank\" rel=\"noopener noreferrer\"><span style=\"color:#FFFFFF;padding:6px 16px;font-size:13px;line-height:20px;border-color:#85cd7f;border-radius:5px;text-shadow:none\"><i class=\"sui sui-ticket\" style=\"font-size:13px;color:#FFFFFF\"><\/i> Registrarse<\/span><\/a>\n<h5><span class=\"su-label su-label-type-info\">Fecha l\u00edmite 4 de septiembre 2024<\/span><\/h5>\n[\/vc_column_text][\/vc_column_inner][vc_column_inner width=&#8221;1\/3&#8243;][vc_column_text css=&#8221;.vc_custom_1722969947684{padding-top: 14px !important;padding-bottom: 14px !important;padding-left: 74px !important;background-image: url(https:\/\/www.essarp-conference.org.ar\/2024aaa\/wp-content\/uploads\/sites\/12\/2016\/06\/ticket.png?id=10112) !important;}&#8221;]\n<h4><strong>Ticket individual &#8211;<br \/>\nEXPERIENCIA VIRTUAL<\/strong><\/h4>\n<ul>\n<li>Col. Miembros y Afil. <strong>ARS 60.000<\/strong><\/li>\n<li>Exams Schools\u00a0<strong>ARS 65.000<\/strong><\/li>\n<li>No afiliados <strong>ARS 70.000<\/strong><\/li>\n<li>Colegios Miembros Int. <strong>USD 60<\/strong><\/li>\n<li>Delegados Internacionales <strong>USD 70<\/strong><\/li>\n<\/ul>\n<p style=\"text-align: center\"><a href=\"https:\/\/forms.office.com\/r\/vSmuv0m1mJ\" class=\"su-button su-button-style-default\" style=\"color:#FFFFFF;background-color:#50B748;border-color:#40933a;border-radius:5px\" target=\"_blank\" rel=\"noopener noreferrer\"><span style=\"color:#FFFFFF;padding:6px 16px;font-size:13px;line-height:20px;border-color:#85cd7f;border-radius:5px;text-shadow:none\"><i class=\"sui sui-ticket\" style=\"font-size:13px;color:#FFFFFF\"><\/i> Registrarse<\/span><\/a>\n<h5><span class=\"su-label su-label-type-info\">Fecha l\u00edmite 20 de septiembre 2024<\/span><\/h5>\n[\/vc_column_text][\/vc_column_inner][vc_column_inner width=&#8221;1\/3&#8243;][vc_column_text css=&#8221;.vc_custom_1722461680370{padding-top: 14px !important;padding-bottom: 14px !important;padding-left: 74px !important;background-image: url(https:\/\/www.essarp-conference.org.ar\/2024aaa\/wp-content\/uploads\/sites\/12\/2016\/06\/ticket.png?id=10112) !important;}&#8221;]\n<h4>Descuentos grupales para la EXPERIENCIA VIRTUAL disponibles para colegios Miembros, Afiliados y centros de ex\u00e1menes<\/h4>\n<p>Para hacer uso de los distintos descuentos grupales en la inscripci\u00f3n a la EXPERIENCIA VIRTUAL, por favor contactarse con Maggie Casserly a <strong>mcasserly@essarp.org.ar<\/strong>[\/vc_column_text][\/vc_column_inner][\/vc_row_inner][\/vc_column][\/vc_row]\n<\/div>","protected":false},"excerpt":{"rendered":"<p>[vc_row full_width=&#8221;stretch_row_content_no_spaces&#8221; isfullwidth=&#8221;0&#8243; el_class=&#8221;space-margin-0&#8243;][vc_column][rev_slider_vc alias=&#8221;slider-2023-sp-1&#8243;][\/vc_column][\/vc_row][vc_row][vc_column][pbr_block_heading title=&#8221;La persona en su totalidad&#8221; descript=&#8221;Whether you are looking for a high-level feature overview or seeking a more detailed discussion, the 2015 Conference Agenda offers something valuable for everyone. The agenda includes more Hands-on and Ask the Expert personalized sessions, as well as a large variety of educational sessions for &hellip; <a href=\"https:\/\/www.essarp-conference.org.ar\/2024\/es\/\" class=\"more-link\">Continue reading <span class=\"meta-nav\">&rarr;<\/span><span class=\"screen-reader-text\">Inicio<\/span> <\/a><\/p>\n","protected":false},"author":1,"featured_media":0,"parent":0,"menu_order":3,"comment_status":"closed","ping_status":"closed","template":"page-templates\/full-width.php","meta":{"_monsterinsights_skip_tracking":false,"_monsterinsights_sitenote_active":false,"_monsterinsights_sitenote_note":"","_monsterinsights_sitenote_category":0,"footnotes":""},"class_list":["post-12910","page","type-page","status-publish","hentry"],"_links":{"self":[{"href":"https:\/\/www.essarp-conference.org.ar\/2024\/es\/wp-json\/wp\/v2\/pages\/12910","targetHints":{"allow":["GET"]}}],"collection":[{"href":"https:\/\/www.essarp-conference.org.ar\/2024\/es\/wp-json\/wp\/v2\/pages"}],"about":[{"href":"https:\/\/www.essarp-conference.org.ar\/2024\/es\/wp-json\/wp\/v2\/types\/page"}],"author":[{"embeddable":true,"href":"https:\/\/www.essarp-conference.org.ar\/2024\/es\/wp-json\/wp\/v2\/users\/1"}],"replies":[{"embeddable":true,"href":"https:\/\/www.essarp-conference.org.ar\/2024\/es\/wp-json\/wp\/v2\/comments?post=12910"}],"version-history":[{"count":60,"href":"https:\/\/www.essarp-conference.org.ar\/2024\/es\/wp-json\/wp\/v2\/pages\/12910\/revisions"}],"predecessor-version":[{"id":13591,"href":"https:\/\/www.essarp-conference.org.ar\/2024\/es\/wp-json\/wp\/v2\/pages\/12910\/revisions\/13591"}],"wp:attachment":[{"href":"https:\/\/www.essarp-conference.org.ar\/2024\/es\/wp-json\/wp\/v2\/media?parent=12910"}],"curies":[{"name":"wp","href":"https:\/\/api.w.org\/{rel}","templated":true}]}}