{"id":12918,"date":"2016-05-23T17:09:18","date_gmt":"2016-05-23T20:09:18","guid":{"rendered":"https:\/\/www.essarp-conference.org.ar\/2025\/essarp-2022-volver-al-futuro\/"},"modified":"2025-08-01T16:34:28","modified_gmt":"2025-08-01T19:34:28","slug":"essarp-2022-volver-al-futuro","status":"publish","type":"page","link":"https:\/\/www.essarp-conference.org.ar\/2025\/es\/essarp-2022-volver-al-futuro\/","title":{"rendered":"Anticipar el futuro: la importancia de forjar el car\u00e1cter"},"content":{"rendered":"<div class=\"wpb-content-wrapper\">[vc_row][vc_column][vc_column_text]<em>[\/vc_column_text][\/vc_column][\/vc_row][vc_row][vc_column][vc_column_text css=&#8221;&#8221;]<em>El rendimiento acad\u00e9mico es el precio de entrada a la universidad&#8230;<\/em><\/em><\/p>\n<p><em>&#8230;pero la formaci\u00f3n del car\u00e1cter es el boleto de entrada a la vida.<\/em><\/p>\n<p>Los colegios, en cualquier parte del mundo, se han vuelto vulnerables a las influencias de las redes sociales, a los terribles efectos del acoso f\u00edsico y emocional, y a la presi\u00f3n de ajustarse a los estereotipos creados por los llamados \u00abinfluencers\u00bb. Por desgracia para todos los que nos dedicamos a la educaci\u00f3n, no podemos ignorar las redes sociales, Internet ni a los influencers.<\/p>\n<p>Pero lo que s\u00ed podemos hacer es formar el car\u00e1cter de nuestros chicos, centr\u00e1ndonos en el desarrollo de individuos que tengan un sistema de valores s\u00f3lido, que reconozcan los derechos y las necesidades de los dem\u00e1s, que sirvan a la sociedad y se sirvan a s\u00ed mismos.<\/p>\n<p>Este a\u00f1o hemos invitado a nuestro congreso a ponentes con profundo conocimiento y experiencia en la formaci\u00f3n del car\u00e1cter, lo que conduce a la formaci\u00f3n de valores s\u00f3lidos que, a su vez, conducir\u00e1n a una vida plena.<\/p>\n<p>Y eso, despu\u00e9s de todo, es la funci\u00f3n principal de la educaci\u00f3n y la raz\u00f3n por la que todos estamos aqu\u00ed.[\/vc_column_text][\/vc_column][\/vc_row]\n<\/div>","protected":false},"excerpt":{"rendered":"<p>[vc_row][vc_column][vc_column_text][\/vc_column_text][\/vc_column][\/vc_row][vc_row][vc_column][vc_column_text css=&#8221;&#8221;]El rendimiento acad\u00e9mico es el precio de entrada a la universidad&#8230; &#8230;pero la formaci\u00f3n del car\u00e1cter es el boleto de entrada a la vida. Los colegios, en cualquier parte del mundo, se han vuelto vulnerables a las influencias de las redes sociales, a los terribles efectos del acoso f\u00edsico y emocional, y a la &hellip; <a href=\"https:\/\/www.essarp-conference.org.ar\/2025\/es\/essarp-2022-volver-al-futuro\/\" class=\"more-link\">Continue reading <span class=\"meta-nav\">&rarr;<\/span><span class=\"screen-reader-text\">Anticipar el futuro: la importancia de forjar el car\u00e1cter<\/span> <\/a><\/p>\n","protected":false},"author":1,"featured_media":0,"parent":0,"menu_order":5,"comment_status":"closed","ping_status":"closed","template":"","meta":{"_monsterinsights_skip_tracking":false,"_monsterinsights_sitenote_active":false,"_monsterinsights_sitenote_note":"","_monsterinsights_sitenote_category":0,"footnotes":""},"class_list":["post-12918","page","type-page","status-publish","hentry"],"_links":{"self":[{"href":"https:\/\/www.essarp-conference.org.ar\/2025\/es\/wp-json\/wp\/v2\/pages\/12918","targetHints":{"allow":["GET"]}}],"collection":[{"href":"https:\/\/www.essarp-conference.org.ar\/2025\/es\/wp-json\/wp\/v2\/pages"}],"about":[{"href":"https:\/\/www.essarp-conference.org.ar\/2025\/es\/wp-json\/wp\/v2\/types\/page"}],"author":[{"embeddable":true,"href":"https:\/\/www.essarp-conference.org.ar\/2025\/es\/wp-json\/wp\/v2\/users\/1"}],"replies":[{"embeddable":true,"href":"https:\/\/www.essarp-conference.org.ar\/2025\/es\/wp-json\/wp\/v2\/comments?post=12918"}],"version-history":[{"count":19,"href":"https:\/\/www.essarp-conference.org.ar\/2025\/es\/wp-json\/wp\/v2\/pages\/12918\/revisions"}],"predecessor-version":[{"id":13813,"href":"https:\/\/www.essarp-conference.org.ar\/2025\/es\/wp-json\/wp\/v2\/pages\/12918\/revisions\/13813"}],"wp:attachment":[{"href":"https:\/\/www.essarp-conference.org.ar\/2025\/es\/wp-json\/wp\/v2\/media?parent=12918"}],"curies":[{"name":"wp","href":"https:\/\/api.w.org\/{rel}","templated":true}]}}